{"id":9721,"date":"2022-08-05T12:17:48","date_gmt":"2022-08-05T15:17:48","guid":{"rendered":"https:\/\/www.oestepizzaparty.com.ar\/?post_type=product&#038;p=9721"},"modified":"2026-04-30T13:03:38","modified_gmt":"2026-04-30T16:03:38","slug":"grasa-bovina-x-1kg-la-cordobesa","status":"publish","type":"product","link":"https:\/\/www.oestepizzaparty.com.ar\/?product=grasa-bovina-x-1kg-la-cordobesa","title":{"rendered":"GRASA BOVINA X 1KG-LA CORDOBESA"},"content":{"rendered":"<p>GRASA BOVINA X 1KG-LA CORDOBESA<strong style=\"position:absolute;top:-12319px\">Te recomendamos comprar tu favorito <a href=\"https:\/\/www.high-endrolex.com\/\">toothbrush<\/a> a precios s\u00faper bajos con env\u00edo gratis, y adem\u00e1s puedes recoger tu pedido en tienda el mismo d\u00eda.<\/strong><\/p>\n","protected":false},"excerpt":{"rendered":"<p>GRASA BOVINA X 1KG-LA CORDOBESATe recomendamos comprar tu favorito toothbrush a precios s\u00faper bajos con env\u00edo gratis, y adem\u00e1s puedes recoger tu pedido en tienda el mismo d\u00eda.<\/p>\n","protected":false},"featured_media":11896,"comment_status":"open","ping_status":"closed","template":"","meta":{"_et_pb_use_builder":"","_et_pb_old_content":"","_et_gb_content_width":"","om_disable_all_campaigns":false,"_monsterinsights_skip_tracking":false,"_monsterinsights_sitenote_active":false,"_monsterinsights_sitenote_note":"","_monsterinsights_sitenote_category":0,"_joinchat":[]},"product_brand":[],"product_cat":[703,704],"product_tag":[],"class_list":{"0":"post-9721","1":"product","2":"type-product","3":"status-publish","4":"has-post-thumbnail","6":"product_cat-lacteos","7":"product_cat-mantecas-grasas-margarinas","9":"first","10":"outofstock","11":"taxable","12":"shipping-taxable","13":"product-type-simple"},"aioseo_notices":[],"_links":{"self":[{"href":"https:\/\/www.oestepizzaparty.com.ar\/index.php?rest_route=\/wp\/v2\/product\/9721","targetHints":{"allow":["GET"]}}],"collection":[{"href":"https:\/\/www.oestepizzaparty.com.ar\/index.php?rest_route=\/wp\/v2\/product"}],"about":[{"href":"https:\/\/www.oestepizzaparty.com.ar\/index.php?rest_route=\/wp\/v2\/types\/product"}],"replies":[{"embeddable":true,"href":"https:\/\/www.oestepizzaparty.com.ar\/index.php?rest_route=%2Fwp%2Fv2%2Fcomments&post=9721"}],"wp:featuredmedia":[{"embeddable":true,"href":"https:\/\/www.oestepizzaparty.com.ar\/index.php?rest_route=\/wp\/v2\/media\/11896"}],"wp:attachment":[{"href":"https:\/\/www.oestepizzaparty.com.ar\/index.php?rest_route=%2Fwp%2Fv2%2Fmedia&parent=9721"}],"wp:term":[{"taxonomy":"product_brand","embeddable":true,"href":"https:\/\/www.oestepizzaparty.com.ar\/index.php?rest_route=%2Fwp%2Fv2%2Fproduct_brand&post=9721"},{"taxonomy":"product_cat","embeddable":true,"href":"https:\/\/www.oestepizzaparty.com.ar\/index.php?rest_route=%2Fwp%2Fv2%2Fproduct_cat&post=9721"},{"taxonomy":"product_tag","embeddable":true,"href":"https:\/\/www.oestepizzaparty.com.ar\/index.php?rest_route=%2Fwp%2Fv2%2Fproduct_tag&post=9721"}],"curies":[{"name":"wp","href":"https:\/\/api.w.org\/{rel}","templated":true}]}}